{"id":21,"date":"2024-06-22T16:10:28","date_gmt":"2024-06-22T14:10:28","guid":{"rendered":"https:\/\/xn--rtchengruppe-3ib.de\/?page_id=21"},"modified":"2024-06-22T16:10:28","modified_gmt":"2024-06-22T14:10:28","slug":"umbau","status":"publish","type":"page","link":"https:\/\/xn--rtchengruppe-3ib.de\/index.php\/umbau\/","title":{"rendered":"Umbau"},"content":{"rendered":"\n<h1 class=\"wp-block-heading\">Ideen zum Umbau<\/h1>\n\n\n\n<p>In der \u00d6rtchen Gruppe wurden konkrete Umbauma\u00dfnahmen von Eltern pr\u00e4sentiert die in 3D Modellen visualisiert sind. <\/p>\n\n\n\n<figure class=\"wp-block-image\"><img decoding=\"async\" src=\"https:\/\/lh7-us.googleusercontent.com\/docsz\/AD_4nXfqFHwHve944m5Y_k6g8CUFj-jyusYAQ0MdXetP9D4JI0fmCOqRy_yPvkRShfUg7wy0Dmz2-1pDPu0VL19Q2SQ1tPmb39mQtrKedhxKf2ylMOqrwaHhfYtSGeyyHWz14hyqRCMbyl5_qo4YeBzbMUMv1X2fsPmGM2yUxT7R2Q?key=KR9SamfGDj08q8GSy6px1Q\" alt=\"\"\/><\/figure>\n\n\n\n<figure class=\"wp-block-image\"><img decoding=\"async\" src=\"https:\/\/lh7-us.googleusercontent.com\/docsz\/AD_4nXenlBgCnMMjg2_sYw5kc1HQq3unFg1zoIHdcNTK1L0-WpbcyBNOH6aKQDA-yFD4Eg3tnAe9ZgIsvW-YGsy-fjbVsEXFz60i5XVmJYPTj9KeeKANQ2Kl4e6sM024XPXPamHbkJEN_SnOJEHrhqezNfk5RD6U7LMFVXex_TFDSg?key=KR9SamfGDj08q8GSy6px1Q\" alt=\"\"\/><\/figure>\n\n\n\n<figure class=\"wp-block-image\"><img decoding=\"async\" src=\"https:\/\/lh7-us.googleusercontent.com\/docsz\/AD_4nXdoDmXPF2WvNwzijdncGcuaRMgATt6ueWvr88By--ZSAojZZZuviFyEVa31oWBQDf4b_szWMjt-bJG0UMTBZ_Ufi93F3AfgSEmE11q2_0qTH8u4ZEaPSKv9xoP5YWLg0UcKj4p2-MAE5buOd3i7T55enXMHXfYrLrRlMCd2Kw?key=KR9SamfGDj08q8GSy6px1Q\" alt=\"\"\/><\/figure>\n\n\n\n<figure class=\"wp-block-image\"><img decoding=\"async\" src=\"https:\/\/lh7-us.googleusercontent.com\/docsz\/AD_4nXeezB6izLQJSpZ7q3OfUEiJNcE0lSDMn9HzXOxxMwKtI-73OWISOCnT3b3a8noQ4hc3koQ8BO8-turcwbbrpLk6oWrBfOwpKCnRZ4-Hp5y_VrjI2MOzhCMZL5ZDfP20mLPdMJJNoQAEF_cnpDe6HafLcsdPw6hlafUxWPAD?key=KR9SamfGDj08q8GSy6px1Q\" alt=\"\"\/><\/figure>\n\n\n\n<figure class=\"wp-block-image\"><img decoding=\"async\" src=\"https:\/\/lh7-us.googleusercontent.com\/docsz\/AD_4nXcGHQ85z-W1EvM_3YgUNlmLquoljzPIhAPHqoF3pbxkBU4lo8xMrNM2mEy95Idc8abVM85HrSq3KV4DoVgBVIwRdc7FACT0n-gwLfftbQ_TC0tAx1uYLa-PyvN9i6cLAimJ0UVM8d7xsEyyX-_IX0k8HDDsO0YYyJx6govmjg?key=KR9SamfGDj08q8GSy6px1Q\" alt=\"\"\/><\/figure>\n\n\n\n<figure class=\"wp-block-image\"><img decoding=\"async\" src=\"https:\/\/lh7-us.googleusercontent.com\/docsz\/AD_4nXdRbb1m0Sy-lkBNQqIeZ9DEnpLBmzpQ_Fyu5Cq_io4HOE4CHyPvlmfWE0cFF9hlS7RoahydeLQrOZo_vnrjaBJk4W6MlqxvNOIODbzg3Ug9rXtAgiy7uzpXwSbWwGljerjKDTw09J1pmCIwHue6UQAtbVmzI-vWwRf11SGgww?key=KR9SamfGDj08q8GSy6px1Q\" alt=\"\"\/><\/figure>\n\n\n\n<figure class=\"wp-block-image\"><img decoding=\"async\" src=\"https:\/\/lh7-us.googleusercontent.com\/docsz\/AD_4nXdr9SWoReAqQBZPjJqVcBYNnOJT17f1edIlJbpZw-HNV7cB1iFTOLf3LCDu3EO96FygFJ52WeK_B7T5ryLSPfOAnUli28d_LX_ReQAxcqSlRiOaewAQcvGxO-qxnQMSf999jWkr2ZyCBGLGysIyNFqW4YyWb6Tm0-M1fVlybw?key=KR9SamfGDj08q8GSy6px1Q\" alt=\"\"\/><\/figure>\n","protected":false},"excerpt":{"rendered":"<p>Ideen zum Umbau In der \u00d6rtchen Gruppe wurden konkrete Umbauma\u00dfnahmen von Eltern pr\u00e4sentiert die in 3D Modellen visualisiert sind.<\/p>\n","protected":false},"author":1,"featured_media":0,"parent":0,"menu_order":0,"comment_status":"closed","ping_status":"closed","template":"","meta":{"footnotes":""},"class_list":["post-21","page","type-page","status-publish","hentry"],"_links":{"self":[{"href":"https:\/\/xn--rtchengruppe-3ib.de\/index.php\/wp-json\/wp\/v2\/pages\/21","targetHints":{"allow":["GET"]}}],"collection":[{"href":"https:\/\/xn--rtchengruppe-3ib.de\/index.php\/wp-json\/wp\/v2\/pages"}],"about":[{"href":"https:\/\/xn--rtchengruppe-3ib.de\/index.php\/wp-json\/wp\/v2\/types\/page"}],"author":[{"embeddable":true,"href":"https:\/\/xn--rtchengruppe-3ib.de\/index.php\/wp-json\/wp\/v2\/users\/1"}],"replies":[{"embeddable":true,"href":"https:\/\/xn--rtchengruppe-3ib.de\/index.php\/wp-json\/wp\/v2\/comments?post=21"}],"version-history":[{"count":1,"href":"https:\/\/xn--rtchengruppe-3ib.de\/index.php\/wp-json\/wp\/v2\/pages\/21\/revisions"}],"predecessor-version":[{"id":22,"href":"https:\/\/xn--rtchengruppe-3ib.de\/index.php\/wp-json\/wp\/v2\/pages\/21\/revisions\/22"}],"wp:attachment":[{"href":"https:\/\/xn--rtchengruppe-3ib.de\/index.php\/wp-json\/wp\/v2\/media?parent=21"}],"curies":[{"name":"wp","href":"https:\/\/api.w.org\/{rel}","templated":true}]}}