{"id":14,"date":"2024-06-22T15:57:09","date_gmt":"2024-06-22T13:57:09","guid":{"rendered":"https:\/\/xn--rtchengruppe-3ib.de\/?page_id=14"},"modified":"2024-06-23T09:37:58","modified_gmt":"2024-06-23T07:37:58","slug":"das-team","status":"publish","type":"page","link":"https:\/\/xn--rtchengruppe-3ib.de\/index.php\/das-team\/","title":{"rendered":"Das Team"},"content":{"rendered":"\n<h1 class=\"wp-block-heading\"><\/h1>\n\n\n\n<p>Anfang 2024 fanden sich mehrere Eltern der Benninghofer Grundschule zusammen, um \u00fcber die Toilettenproblematik an der Benninghofer Grundschule zu beraten, um eine Verbesserung der Anlagen zu initiieren, aber auch, um Konzepte zu Umgang mit den Toiletten und deren Pflege im Schullalltag zu erarbeiten.<\/p>\n\n\n\n<p>Initiator war hier ein Mitglied der Elternpflegschaft. In mehreren Treffen wurden Ideen gesammelt und Erfahrungen ausgetauscht. Es wurden Umbauma\u00dfnahmen geplant und Konzepte zur Mittelbeschaffung f\u00fcr den F\u00f6rderverein erarbeitet (Flyer, Sponsorenl\u00e4ufe, Firmenspenden).<\/p>\n\n\n\n<p>Mit dem Beitrag m\u00f6chten wir darstellen, wie sich aus einer \u00fcblichen Sanierungsma\u00dfnahme der sanit\u00e4ren Anlagen ein Toilettenprojekt entwickeln kann, das sich positiv auf das Schulleben an der Benninghofer Grundschule auswirken soll.<\/p>\n\n\n\n<p><\/p>\n\n\n\n<p>Wir haben uns dazu entschieden, die &#8222;Verantwortlichkeiten&#8220; aufzuteilen und haben daher Themenfelder benannt, denen auch bereits Personen zuzuordnen sind:<\/p>\n\n\n\n<p><strong>1.Umbau<\/strong><br><strong>2.Gestaltung<\/strong><br><strong>3.Nachhaltigkeit<\/strong><br><strong>4.Kommunikation<\/strong><\/p>\n","protected":false},"excerpt":{"rendered":"<p>Anfang 2024 fanden sich mehrere Eltern der Benninghofer Grundschule zusammen, um \u00fcber die Toilettenproblematik an der Benninghofer Grundschule zu beraten, um eine Verbesserung der Anlagen zu initiieren, aber auch, um Konzepte zu Umgang mit den Toiletten und deren Pflege im Schullalltag zu erarbeiten. Initiator war hier ein Mitglied der Elternpflegschaft. In mehreren Treffen wurden Ideen [&hellip;]<\/p>\n","protected":false},"author":1,"featured_media":0,"parent":0,"menu_order":0,"comment_status":"closed","ping_status":"closed","template":"","meta":{"footnotes":""},"class_list":["post-14","page","type-page","status-publish","hentry"],"_links":{"self":[{"href":"https:\/\/xn--rtchengruppe-3ib.de\/index.php\/wp-json\/wp\/v2\/pages\/14","targetHints":{"allow":["GET"]}}],"collection":[{"href":"https:\/\/xn--rtchengruppe-3ib.de\/index.php\/wp-json\/wp\/v2\/pages"}],"about":[{"href":"https:\/\/xn--rtchengruppe-3ib.de\/index.php\/wp-json\/wp\/v2\/types\/page"}],"author":[{"embeddable":true,"href":"https:\/\/xn--rtchengruppe-3ib.de\/index.php\/wp-json\/wp\/v2\/users\/1"}],"replies":[{"embeddable":true,"href":"https:\/\/xn--rtchengruppe-3ib.de\/index.php\/wp-json\/wp\/v2\/comments?post=14"}],"version-history":[{"count":4,"href":"https:\/\/xn--rtchengruppe-3ib.de\/index.php\/wp-json\/wp\/v2\/pages\/14\/revisions"}],"predecessor-version":[{"id":45,"href":"https:\/\/xn--rtchengruppe-3ib.de\/index.php\/wp-json\/wp\/v2\/pages\/14\/revisions\/45"}],"wp:attachment":[{"href":"https:\/\/xn--rtchengruppe-3ib.de\/index.php\/wp-json\/wp\/v2\/media?parent=14"}],"curies":[{"name":"wp","href":"https:\/\/api.w.org\/{rel}","templated":true}]}}